{"id":18,"date":"2023-08-06T16:36:13","date_gmt":"2023-08-06T14:36:13","guid":{"rendered":"https:\/\/test.ag-ebersberger.de\/?page_id=18"},"modified":"2023-08-06T16:48:59","modified_gmt":"2023-08-06T14:48:59","slug":"gewaesserordnung-fuer-tageskarten","status":"publish","type":"page","link":"https:\/\/test.ag-ebersberger.de\/?page_id=18","title":{"rendered":"Gew\u00e4sserordnung f\u00fcr Tageskarten"},"content":{"rendered":"\n<ol class=\"wp-block-list\">\n<li>Fischereierlaubnis:<br>Die Aus\u00fcbung der Fischerei ist nur den Inhabern von Erlaubnisscheinen, die von der AG. Wilhelm Schmid e.V. (bzw. durch Personen, die durch die AG. Wilhelm Schmid e.V. dazu berechtigt wurden) ausgestellt wurden, gestattet. Der Erlaubnisschein ist zusammen mit dem Fischereischein und der Gew\u00e4sserordnung stets mitzuf\u00fchren. Der Erlaubnisschein ist nicht \u00fcbertragbar. Bei Zuwiderhandlung kann der Erlaubnisschein f\u00fcr den Rest der Saison eingezogen werden. Die Aus\u00fcbung der Fischerei erfolgt auf eigene Gefahr.<br>Bei Schadenereignissen haftet die AG. nicht.<\/li>\n\n\n\n<li>Hegen und Pflegen:<br>Ist die Pflicht von jedem Angler. Wenn wir dieser Pflicht an unserem Gew\u00e4sser nachgehen sind wir Vorbild f\u00fcr Naturschutz und andere Angelvereine<\/li>\n\n\n\n<li>Fischereiaufsicht:<br>Den Kontrolleuren ist unaufgefordert der Erlaubnisschein mit g\u00fcltigen Datum, auf Verlangen auch Fang und Ger\u00e4t, vorzuzeigen. Kontrollberechtigt sind die Jahreskarteninhaber und alle staatlichen, amtlichen bzw. ehrenamtlich bestellte Fischereiaufseher.<\/li>\n\n\n\n<li>Verhalten am Wasser:<br>Der Angler soll, wegen des guten Verh\u00e4ltnisses zu den Anliegern, sein Recht, ungehindert die Ufer betreten zu k\u00f6nnen und dass die im und am Wasser lebende Tier &#8211; und Pflanzenwelt nicht mehr als notwendig beeintr\u00e4chtigt wird, stets in schonender Weise aus\u00fcben. Der Angelplatz ist stets im sauberen Zustand zu Verlassen.<br>Tote K\u00f6derfische, Innereien, Fischschuppen u. &#8211; fetzen, T\u00fcten, Flaschen, Papier usw. d\u00fcrfen auf keinen Fall liegen bleiben. Untermassige oder geschonte Fische m\u00fcssen unverz\u00fcglich nach dem Fang sorgf\u00e4ltig und mit nasser Hand zur\u00fcckgesetzt werden. Hierbei sind diese, wenn m\u00f6glich im Wasser vom Haken zu l\u00f6sen und notfalls das Vorfach an der Maulspitze abzuschneiden. Untermassige Fische, die nicht zur\u00fcckgesetzt werden k\u00f6nnen, das gilt besonders bei Raubfischen, darf der Haken erst zu Hause entfernt werden, Sie sind der Tagesh\u00f6chstmenge anzurechnen.<br>Gefangene Fische die das Mindestma\u00df erreicht haben sind sofort zu T\u00f6ten.<br>Die Benutzung von Booten jeglicher Art ist verboten.<\/li>\n\n\n\n<li>Schonzeiten &#8211; Schomma\u00dfe:<br>Es gelten f\u00fcr alle nicht aufgef\u00fchrte Fische die gesetzlichen Schonzeiten u. Schonma\u00dfe.<\/li>\n\n\n\n<li>Gew\u00e4sserstrecke:<br>Vom 2 &#8211; letzten Steg bei den Birken auf der S\u00fcdseite, durchgehend bis zur Wirtschaft, auf der Nordseite darf gefischt werden auf Steg 1, 2 und 4.<br>Die Ostseite ist Schongebiet.<\/li>\n\n\n\n<li>Fangstatistik:<br>Da der Verein genaue Fangergebnisse ben\u00f6tigt, muss die Fangliste zwecks Erstellung der Fangstatistik von jedem Angler gewissenhaft gef\u00fchrt werden! Mitgenommene Fische werden sofort nach dem Abschlagen in cm, in die Fangliste eingetragen.<\/li>\n\n\n\n<li>Angelzeit:<br>Eine Stunde vor Sonnenaufgang, bis eine Stunde nach Sonnenuntergang.<br>Die Sonnenauf- und untergangszeiten entnehmen Sie bitte dem Aushang an der H\u00fctte.<\/li>\n\n\n\n<li>Erlaubte K\u00f6der:<br>Wurm, Maden, Teig, Mais, Tote K\u00f6derfische, Fisch &#8211; fetzen -k\u00f6pfe, (Verboten sind: Anf\u00fcttern u. Angeln mit Bolie ) S\u00e4mtliche Kunstk\u00f6der ( Blinker, Twister usw. ) sind erst ab 1 September erlaubt.<\/li>\n\n\n\n<li>Erlaubte Angelger\u00e4te:<br>2 Handangeln griffbereit, mit je einer Anbissstelle. Beim Angeln mit Kunstk\u00f6dern (Blinkern Twister usw.) ist nur eine Rute erlaubt. Eine Entnahmepflicht von Wei\u00dffischen besteht f\u00fcr jeden Angler aus hegerischen Gr\u00fcnden. Auf Friedfische sind nur Einfachhaken erlaubt. Es m\u00fcssen Meterma\u00df, Zange, Fischt\u00f6ter, Unterfangkescher und Kugelschreiber mitgef\u00fchrt werden.<\/li>\n\n\n\n<li>H\u00f6chstfang am Tag:<br>Es d\u00fcrfen pro Tag 4 Fische gefangen werden, davon 2 Friedfische und 2 Raubfische. Folgende Zahlen d\u00fcrfen nicht \u00fcberschritten werden:<br>Karpfen 1 St\u00fcck<br>Hecht 2 St\u00fcck<br>Schleien 2 St\u00fcck<br>Zander 2 St\u00fcck<br>Das H\u00e4ltern von gefangenen Fischen in Setzkeschern ist nicht erlaubt.<br>Eine Entnahmepflicht von Wei\u00dffischen und Welsen besteht f\u00fcr jeden Angler aus hegerischen Gr\u00fcnden.<\/li>\n<\/ol>\n\n\n\n<p>Diese Gew\u00e4sserordnung tritt mit Wirkung von 15.05.2017 in Kraft und gilt bis auf Widerruf.<\/p>\n\n\n\n<p>Der Vorstand.<\/p>\n","protected":false},"excerpt":{"rendered":"<p>Diese Gew\u00e4sserordnung tritt mit Wirkung von 15.05.2017 in Kraft und gilt bis auf Widerruf. Der Vorstand.<\/p>\n","protected":false},"author":1,"featured_media":0,"parent":0,"menu_order":0,"comment_status":"closed","ping_status":"closed","template":"","meta":{"footnotes":""},"class_list":["post-18","page","type-page","status-publish","hentry","entry"],"_links":{"self":[{"href":"https:\/\/test.ag-ebersberger.de\/index.php?rest_route=\/wp\/v2\/pages\/18","targetHints":{"allow":["GET"]}}],"collection":[{"href":"https:\/\/test.ag-ebersberger.de\/index.php?rest_route=\/wp\/v2\/pages"}],"about":[{"href":"https:\/\/test.ag-ebersberger.de\/index.php?rest_route=\/wp\/v2\/types\/page"}],"author":[{"embeddable":true,"href":"https:\/\/test.ag-ebersberger.de\/index.php?rest_route=\/wp\/v2\/users\/1"}],"replies":[{"embeddable":true,"href":"https:\/\/test.ag-ebersberger.de\/index.php?rest_route=%2Fwp%2Fv2%2Fcomments&post=18"}],"version-history":[{"count":1,"href":"https:\/\/test.ag-ebersberger.de\/index.php?rest_route=\/wp\/v2\/pages\/18\/revisions"}],"predecessor-version":[{"id":19,"href":"https:\/\/test.ag-ebersberger.de\/index.php?rest_route=\/wp\/v2\/pages\/18\/revisions\/19"}],"wp:attachment":[{"href":"https:\/\/test.ag-ebersberger.de\/index.php?rest_route=%2Fwp%2Fv2%2Fmedia&parent=18"}],"curies":[{"name":"wp","href":"https:\/\/api.w.org\/{rel}","templated":true}]}}